{"id":667,"date":"2021-06-14T20:46:41","date_gmt":"2021-06-14T20:46:41","guid":{"rendered":"https:\/\/prismetechnologies.com\/demonstration\/"},"modified":"2021-07-02T15:21:33","modified_gmt":"2021-07-02T15:21:33","slug":"impression-web-demo","status":"publish","type":"page","link":"https:\/\/prismetechnologies.com\/fr\/impression-web-demo\/","title":{"rendered":"Demande de d\u00e9monstration"},"content":{"rendered":"\t\t<div data-elementor-type=\"wp-page\" data-elementor-id=\"667\" class=\"elementor elementor-667 elementor-499\" data-elementor-post-type=\"page\">\n\t\t\t\t\t\t<section class=\"elementor-section elementor-top-section elementor-element elementor-element-eaed4c0 elementor-section-boxed elementor-section-height-default elementor-section-height-default\" data-id=\"eaed4c0\" data-element_type=\"section\" data-settings=\"{&quot;jet_parallax_layout_list&quot;:[{&quot;jet_parallax_layout_image&quot;:{&quot;url&quot;:&quot;&quot;,&quot;id&quot;:&quot;&quot;,&quot;size&quot;:&quot;&quot;},&quot;_id&quot;:&quot;2012c1c&quot;,&quot;jet_parallax_layout_image_tablet&quot;:{&quot;url&quot;:&quot;&quot;,&quot;id&quot;:&quot;&quot;,&quot;size&quot;:&quot;&quot;},&quot;jet_parallax_layout_image_mobile&quot;:{&quot;url&quot;:&quot;&quot;,&quot;id&quot;:&quot;&quot;,&quot;size&quot;:&quot;&quot;},&quot;jet_parallax_layout_speed&quot;:{&quot;unit&quot;:&quot;%&quot;,&quot;size&quot;:50,&quot;sizes&quot;:[]},&quot;jet_parallax_layout_type&quot;:&quot;scroll&quot;,&quot;jet_parallax_layout_direction&quot;:null,&quot;jet_parallax_layout_fx_direction&quot;:null,&quot;jet_parallax_layout_z_index&quot;:&quot;&quot;,&quot;jet_parallax_layout_bg_x&quot;:50,&quot;jet_parallax_layout_bg_x_tablet&quot;:&quot;&quot;,&quot;jet_parallax_layout_bg_x_mobile&quot;:&quot;&quot;,&quot;jet_parallax_layout_bg_y&quot;:50,&quot;jet_parallax_layout_bg_y_tablet&quot;:&quot;&quot;,&quot;jet_parallax_layout_bg_y_mobile&quot;:&quot;&quot;,&quot;jet_parallax_layout_bg_size&quot;:&quot;auto&quot;,&quot;jet_parallax_layout_bg_size_tablet&quot;:&quot;&quot;,&quot;jet_parallax_layout_bg_size_mobile&quot;:&quot;&quot;,&quot;jet_parallax_layout_animation_prop&quot;:&quot;transform&quot;,&quot;jet_parallax_layout_on&quot;:[&quot;desktop&quot;,&quot;tablet&quot;]}]}\">\n\t\t\t\t\t\t<div class=\"elementor-container elementor-column-gap-default\">\n\t\t\t\t\t<div class=\"elementor-column elementor-col-100 elementor-top-column elementor-element elementor-element-6ec02f4\" data-id=\"6ec02f4\" data-element_type=\"column\">\n\t\t\t<div class=\"elementor-widget-wrap\">\n\t\t\t\t\t\t\t<\/div>\n\t\t<\/div>\n\t\t\t\t\t<\/div>\n\t\t<\/section>\n\t\t\t\t<\/div>\n\t\t","protected":false},"excerpt":{"rendered":"","protected":false},"author":1,"featured_media":2037,"parent":0,"menu_order":0,"comment_status":"closed","ping_status":"closed","template":"elementor_header_footer","meta":{"footnotes":""},"class_list":["post-667","page","type-page","status-publish","has-post-thumbnail","hentry"],"yoast_head":"<!-- This site is optimized with the Yoast SEO plugin v25.0 - https:\/\/yoast.com\/wordpress\/plugins\/seo\/ -->\n<title>Web to Print Pr\u00e9sentation, W2P \u2013 Printsys\u2122<\/title>\n<meta name=\"description\" content=\"Planifiez une d\u00e9monstration personnalis\u00e9e de PrintsysMC afin de d\u00e9couvrir comment nous pouvons vous aider \u00e0 rationaliser votre flux de travail d\u2019impression.\" \/>\n<meta name=\"robots\" content=\"index, follow, max-snippet:-1, max-image-preview:large, max-video-preview:-1\" \/>\n<link rel=\"canonical\" href=\"https:\/\/prismetechnologies.com\/fr\/impression-web-demo\/\" \/>\n<meta property=\"og:locale\" content=\"fr_FR\" \/>\n<meta property=\"og:type\" content=\"article\" \/>\n<meta property=\"og:title\" content=\"Web to Print Pr\u00e9sentation, W2P \u2013 Printsys\u2122\" \/>\n<meta property=\"og:description\" content=\"Planifiez une d\u00e9monstration personnalis\u00e9e de PrintsysMC afin de d\u00e9couvrir comment nous pouvons vous aider \u00e0 rationaliser votre flux de travail d\u2019impression.\" \/>\n<meta property=\"og:url\" content=\"https:\/\/prismetechnologies.com\/fr\/impression-web-demo\/\" \/>\n<meta property=\"og:site_name\" content=\"Prisme Technologies\" \/>\n<meta property=\"article:modified_time\" content=\"2021-07-02T15:21:33+00:00\" \/>\n<meta name=\"twitter:card\" content=\"summary_large_image\" \/>\n<script type=\"application\/ld+json\" class=\"yoast-schema-graph\">{\"@context\":\"https:\/\/schema.org\",\"@graph\":[{\"@type\":\"WebPage\",\"@id\":\"https:\/\/prismetechnologies.com\/fr\/impression-web-demo\/\",\"url\":\"https:\/\/prismetechnologies.com\/fr\/impression-web-demo\/\",\"name\":\"Web to Print Pr\u00e9sentation, W2P \u2013 Printsys\u2122\",\"isPartOf\":{\"@id\":\"https:\/\/prismetechnologies.com\/#website\"},\"primaryImageOfPage\":{\"@id\":\"https:\/\/prismetechnologies.com\/fr\/impression-web-demo\/#primaryimage\"},\"image\":{\"@id\":\"https:\/\/prismetechnologies.com\/fr\/impression-web-demo\/#primaryimage\"},\"thumbnailUrl\":\"https:\/\/prismetechnologies.com\/wp-content\/uploads\/2024\/10\/FB_Featured__0019_Logo-Prisme-Technologies-2017.jpg\",\"datePublished\":\"2021-06-14T20:46:41+00:00\",\"dateModified\":\"2021-07-02T15:21:33+00:00\",\"description\":\"Planifiez une d\u00e9monstration personnalis\u00e9e de PrintsysMC afin de d\u00e9couvrir comment nous pouvons vous aider \u00e0 rationaliser votre flux de travail d\u2019impression.\",\"breadcrumb\":{\"@id\":\"https:\/\/prismetechnologies.com\/fr\/impression-web-demo\/#breadcrumb\"},\"inLanguage\":\"fr-FR\",\"potentialAction\":[{\"@type\":\"ReadAction\",\"target\":[\"https:\/\/prismetechnologies.com\/fr\/impression-web-demo\/\"]}]},{\"@type\":\"ImageObject\",\"inLanguage\":\"fr-FR\",\"@id\":\"https:\/\/prismetechnologies.com\/fr\/impression-web-demo\/#primaryimage\",\"url\":\"https:\/\/prismetechnologies.com\/wp-content\/uploads\/2024\/10\/FB_Featured__0019_Logo-Prisme-Technologies-2017.jpg\",\"contentUrl\":\"https:\/\/prismetechnologies.com\/wp-content\/uploads\/2024\/10\/FB_Featured__0019_Logo-Prisme-Technologies-2017.jpg\",\"width\":1200,\"height\":628},{\"@type\":\"BreadcrumbList\",\"@id\":\"https:\/\/prismetechnologies.com\/fr\/impression-web-demo\/#breadcrumb\",\"itemListElement\":[{\"@type\":\"ListItem\",\"position\":1,\"name\":\"Accueil\",\"item\":\"https:\/\/prismetechnologies.com\/fr\/\"},{\"@type\":\"ListItem\",\"position\":2,\"name\":\"Demande de d\u00e9monstration\"}]},{\"@type\":\"WebSite\",\"@id\":\"https:\/\/prismetechnologies.com\/#website\",\"url\":\"https:\/\/prismetechnologies.com\/\",\"name\":\"Prisme Technologies\",\"description\":\"Un site utilisant WordPress\",\"publisher\":{\"@id\":\"https:\/\/prismetechnologies.com\/#organization\"},\"potentialAction\":[{\"@type\":\"SearchAction\",\"target\":{\"@type\":\"EntryPoint\",\"urlTemplate\":\"https:\/\/prismetechnologies.com\/?s={search_term_string}\"},\"query-input\":{\"@type\":\"PropertyValueSpecification\",\"valueRequired\":true,\"valueName\":\"search_term_string\"}}],\"inLanguage\":\"fr-FR\"},{\"@type\":\"Organization\",\"@id\":\"https:\/\/prismetechnologies.com\/#organization\",\"name\":\"Prisme Technologies\",\"url\":\"https:\/\/prismetechnologies.com\/\",\"logo\":{\"@type\":\"ImageObject\",\"inLanguage\":\"fr-FR\",\"@id\":\"https:\/\/prismetechnologies.com\/#\/schema\/logo\/image\/\",\"url\":\"https:\/\/prismetechnologies.com\/wp-content\/uploads\/2021\/06\/Logo-Prisme-Technologies-2017.png\",\"contentUrl\":\"https:\/\/prismetechnologies.com\/wp-content\/uploads\/2021\/06\/Logo-Prisme-Technologies-2017.png\",\"width\":1000,\"height\":235,\"caption\":\"Prisme Technologies\"},\"image\":{\"@id\":\"https:\/\/prismetechnologies.com\/#\/schema\/logo\/image\/\"}}]}<\/script>\n<!-- \/ Yoast SEO plugin. -->","yoast_head_json":{"title":"Web to Print Pr\u00e9sentation, W2P \u2013 Printsys\u2122","description":"Planifiez une d\u00e9monstration personnalis\u00e9e de PrintsysMC afin de d\u00e9couvrir comment nous pouvons vous aider \u00e0 rationaliser votre flux de travail d\u2019impression.","robots":{"index":"index","follow":"follow","max-snippet":"max-snippet:-1","max-image-preview":"max-image-preview:large","max-video-preview":"max-video-preview:-1"},"canonical":"https:\/\/prismetechnologies.com\/fr\/impression-web-demo\/","og_locale":"fr_FR","og_type":"article","og_title":"Web to Print Pr\u00e9sentation, W2P \u2013 Printsys\u2122","og_description":"Planifiez une d\u00e9monstration personnalis\u00e9e de PrintsysMC afin de d\u00e9couvrir comment nous pouvons vous aider \u00e0 rationaliser votre flux de travail d\u2019impression.","og_url":"https:\/\/prismetechnologies.com\/fr\/impression-web-demo\/","og_site_name":"Prisme Technologies","article_modified_time":"2021-07-02T15:21:33+00:00","twitter_card":"summary_large_image","schema":{"@context":"https:\/\/schema.org","@graph":[{"@type":"WebPage","@id":"https:\/\/prismetechnologies.com\/fr\/impression-web-demo\/","url":"https:\/\/prismetechnologies.com\/fr\/impression-web-demo\/","name":"Web to Print Pr\u00e9sentation, W2P \u2013 Printsys\u2122","isPartOf":{"@id":"https:\/\/prismetechnologies.com\/#website"},"primaryImageOfPage":{"@id":"https:\/\/prismetechnologies.com\/fr\/impression-web-demo\/#primaryimage"},"image":{"@id":"https:\/\/prismetechnologies.com\/fr\/impression-web-demo\/#primaryimage"},"thumbnailUrl":"https:\/\/prismetechnologies.com\/wp-content\/uploads\/2024\/10\/FB_Featured__0019_Logo-Prisme-Technologies-2017.jpg","datePublished":"2021-06-14T20:46:41+00:00","dateModified":"2021-07-02T15:21:33+00:00","description":"Planifiez une d\u00e9monstration personnalis\u00e9e de PrintsysMC afin de d\u00e9couvrir comment nous pouvons vous aider \u00e0 rationaliser votre flux de travail d\u2019impression.","breadcrumb":{"@id":"https:\/\/prismetechnologies.com\/fr\/impression-web-demo\/#breadcrumb"},"inLanguage":"fr-FR","potentialAction":[{"@type":"ReadAction","target":["https:\/\/prismetechnologies.com\/fr\/impression-web-demo\/"]}]},{"@type":"ImageObject","inLanguage":"fr-FR","@id":"https:\/\/prismetechnologies.com\/fr\/impression-web-demo\/#primaryimage","url":"https:\/\/prismetechnologies.com\/wp-content\/uploads\/2024\/10\/FB_Featured__0019_Logo-Prisme-Technologies-2017.jpg","contentUrl":"https:\/\/prismetechnologies.com\/wp-content\/uploads\/2024\/10\/FB_Featured__0019_Logo-Prisme-Technologies-2017.jpg","width":1200,"height":628},{"@type":"BreadcrumbList","@id":"https:\/\/prismetechnologies.com\/fr\/impression-web-demo\/#breadcrumb","itemListElement":[{"@type":"ListItem","position":1,"name":"Accueil","item":"https:\/\/prismetechnologies.com\/fr\/"},{"@type":"ListItem","position":2,"name":"Demande de d\u00e9monstration"}]},{"@type":"WebSite","@id":"https:\/\/prismetechnologies.com\/#website","url":"https:\/\/prismetechnologies.com\/","name":"Prisme Technologies","description":"Un site utilisant WordPress","publisher":{"@id":"https:\/\/prismetechnologies.com\/#organization"},"potentialAction":[{"@type":"SearchAction","target":{"@type":"EntryPoint","urlTemplate":"https:\/\/prismetechnologies.com\/?s={search_term_string}"},"query-input":{"@type":"PropertyValueSpecification","valueRequired":true,"valueName":"search_term_string"}}],"inLanguage":"fr-FR"},{"@type":"Organization","@id":"https:\/\/prismetechnologies.com\/#organization","name":"Prisme Technologies","url":"https:\/\/prismetechnologies.com\/","logo":{"@type":"ImageObject","inLanguage":"fr-FR","@id":"https:\/\/prismetechnologies.com\/#\/schema\/logo\/image\/","url":"https:\/\/prismetechnologies.com\/wp-content\/uploads\/2021\/06\/Logo-Prisme-Technologies-2017.png","contentUrl":"https:\/\/prismetechnologies.com\/wp-content\/uploads\/2021\/06\/Logo-Prisme-Technologies-2017.png","width":1000,"height":235,"caption":"Prisme Technologies"},"image":{"@id":"https:\/\/prismetechnologies.com\/#\/schema\/logo\/image\/"}}]}},"_links":{"self":[{"href":"https:\/\/prismetechnologies.com\/fr\/wp-json\/wp\/v2\/pages\/667","targetHints":{"allow":["GET"]}}],"collection":[{"href":"https:\/\/prismetechnologies.com\/fr\/wp-json\/wp\/v2\/pages"}],"about":[{"href":"https:\/\/prismetechnologies.com\/fr\/wp-json\/wp\/v2\/types\/page"}],"author":[{"embeddable":true,"href":"https:\/\/prismetechnologies.com\/fr\/wp-json\/wp\/v2\/users\/1"}],"replies":[{"embeddable":true,"href":"https:\/\/prismetechnologies.com\/fr\/wp-json\/wp\/v2\/comments?post=667"}],"version-history":[{"count":1,"href":"https:\/\/prismetechnologies.com\/fr\/wp-json\/wp\/v2\/pages\/667\/revisions"}],"predecessor-version":[{"id":668,"href":"https:\/\/prismetechnologies.com\/fr\/wp-json\/wp\/v2\/pages\/667\/revisions\/668"}],"wp:featuredmedia":[{"embeddable":true,"href":"https:\/\/prismetechnologies.com\/fr\/wp-json\/wp\/v2\/media\/2037"}],"wp:attachment":[{"href":"https:\/\/prismetechnologies.com\/fr\/wp-json\/wp\/v2\/media?parent=667"}],"curies":[{"name":"wp","href":"https:\/\/api.w.org\/{rel}","templated":true}]}}