{"id":661,"date":"2021-06-14T14:25:17","date_gmt":"2021-06-14T14:25:17","guid":{"rendered":"https:\/\/prismetechnologies.com\/contact\/"},"modified":"2025-02-25T14:12:05","modified_gmt":"2025-02-25T14:12:05","slug":"contactez-nous","status":"publish","type":"page","link":"https:\/\/prismetechnologies.com\/fr\/contactez-nous\/","title":{"rendered":"Contactez-nous"},"content":{"rendered":"\t\t<div data-elementor-type=\"wp-page\" data-elementor-id=\"661\" class=\"elementor elementor-661 elementor-421\" data-elementor-post-type=\"page\">\n\t\t\t\t\t\t<section class=\"elementor-section elementor-top-section elementor-element elementor-element-1a0f505 elementor-section-boxed elementor-section-height-default elementor-section-height-default\" data-id=\"1a0f505\" data-element_type=\"section\" data-settings=\"{&quot;jet_parallax_layout_list&quot;:[{&quot;jet_parallax_layout_image&quot;:{&quot;url&quot;:&quot;&quot;,&quot;id&quot;:&quot;&quot;,&quot;size&quot;:&quot;&quot;},&quot;_id&quot;:&quot;096bb30&quot;,&quot;jet_parallax_layout_image_tablet&quot;:{&quot;url&quot;:&quot;&quot;,&quot;id&quot;:&quot;&quot;,&quot;size&quot;:&quot;&quot;},&quot;jet_parallax_layout_image_mobile&quot;:{&quot;url&quot;:&quot;&quot;,&quot;id&quot;:&quot;&quot;,&quot;size&quot;:&quot;&quot;},&quot;jet_parallax_layout_speed&quot;:{&quot;unit&quot;:&quot;%&quot;,&quot;size&quot;:50,&quot;sizes&quot;:[]},&quot;jet_parallax_layout_type&quot;:&quot;scroll&quot;,&quot;jet_parallax_layout_direction&quot;:null,&quot;jet_parallax_layout_fx_direction&quot;:null,&quot;jet_parallax_layout_z_index&quot;:&quot;&quot;,&quot;jet_parallax_layout_bg_x&quot;:50,&quot;jet_parallax_layout_bg_x_tablet&quot;:&quot;&quot;,&quot;jet_parallax_layout_bg_x_mobile&quot;:&quot;&quot;,&quot;jet_parallax_layout_bg_y&quot;:50,&quot;jet_parallax_layout_bg_y_tablet&quot;:&quot;&quot;,&quot;jet_parallax_layout_bg_y_mobile&quot;:&quot;&quot;,&quot;jet_parallax_layout_bg_size&quot;:&quot;auto&quot;,&quot;jet_parallax_layout_bg_size_tablet&quot;:&quot;&quot;,&quot;jet_parallax_layout_bg_size_mobile&quot;:&quot;&quot;,&quot;jet_parallax_layout_animation_prop&quot;:&quot;transform&quot;,&quot;jet_parallax_layout_on&quot;:[&quot;desktop&quot;,&quot;tablet&quot;]}]}\">\n\t\t\t\t\t\t<div class=\"elementor-container elementor-column-gap-default\">\n\t\t\t\t\t<div class=\"elementor-column elementor-col-100 elementor-top-column elementor-element elementor-element-31ad4a4\" data-id=\"31ad4a4\" data-element_type=\"column\">\n\t\t\t<div class=\"elementor-widget-wrap elementor-element-populated\">\n\t\t\t\t\t\t<div class=\"elementor-element elementor-element-e0cfc1b elementor-widget elementor-widget-heading\" data-id=\"e0cfc1b\" data-element_type=\"widget\" data-widget_type=\"heading.default\">\n\t\t\t\t<div class=\"elementor-widget-container\">\n\t\t\t\t\t<h3 class=\"elementor-heading-title elementor-size-default\">Simplifier les d\u00e9fis d\u2019impression est notre priorit\u00e9.<\/h3>\t\t\t\t<\/div>\n\t\t\t\t<\/div>\n\t\t\t\t\t<\/div>\n\t\t<\/div>\n\t\t\t\t\t<\/div>\n\t\t<\/section>\n\t\t\t\t<section class=\"elementor-section elementor-top-section elementor-element elementor-element-f608c04 elementor-section-boxed elementor-section-height-default elementor-section-height-default\" data-id=\"f608c04\" data-element_type=\"section\" data-settings=\"{&quot;jet_parallax_layout_list&quot;:[{&quot;jet_parallax_layout_image&quot;:{&quot;url&quot;:&quot;&quot;,&quot;id&quot;:&quot;&quot;,&quot;size&quot;:&quot;&quot;},&quot;_id&quot;:&quot;88b3bd3&quot;,&quot;jet_parallax_layout_image_tablet&quot;:{&quot;url&quot;:&quot;&quot;,&quot;id&quot;:&quot;&quot;,&quot;size&quot;:&quot;&quot;},&quot;jet_parallax_layout_image_mobile&quot;:{&quot;url&quot;:&quot;&quot;,&quot;id&quot;:&quot;&quot;,&quot;size&quot;:&quot;&quot;},&quot;jet_parallax_layout_speed&quot;:{&quot;unit&quot;:&quot;%&quot;,&quot;size&quot;:50,&quot;sizes&quot;:[]},&quot;jet_parallax_layout_type&quot;:&quot;scroll&quot;,&quot;jet_parallax_layout_direction&quot;:null,&quot;jet_parallax_layout_fx_direction&quot;:null,&quot;jet_parallax_layout_z_index&quot;:&quot;&quot;,&quot;jet_parallax_layout_bg_x&quot;:50,&quot;jet_parallax_layout_bg_x_tablet&quot;:&quot;&quot;,&quot;jet_parallax_layout_bg_x_mobile&quot;:&quot;&quot;,&quot;jet_parallax_layout_bg_y&quot;:50,&quot;jet_parallax_layout_bg_y_tablet&quot;:&quot;&quot;,&quot;jet_parallax_layout_bg_y_mobile&quot;:&quot;&quot;,&quot;jet_parallax_layout_bg_size&quot;:&quot;auto&quot;,&quot;jet_parallax_layout_bg_size_tablet&quot;:&quot;&quot;,&quot;jet_parallax_layout_bg_size_mobile&quot;:&quot;&quot;,&quot;jet_parallax_layout_animation_prop&quot;:&quot;transform&quot;,&quot;jet_parallax_layout_on&quot;:[&quot;desktop&quot;,&quot;tablet&quot;]}]}\">\n\t\t\t\t\t\t<div class=\"elementor-container elementor-column-gap-default\">\n\t\t\t\t\t<div class=\"elementor-column elementor-col-100 elementor-top-column elementor-element elementor-element-4aaa226\" data-id=\"4aaa226\" data-element_type=\"column\">\n\t\t\t<div class=\"elementor-widget-wrap elementor-element-populated\">\n\t\t\t\t\t\t<div class=\"elementor-element elementor-element-6ec9bf5 elementor-widget elementor-widget-heading\" data-id=\"6ec9bf5\" data-element_type=\"widget\" data-widget_type=\"heading.default\">\n\t\t\t\t<div class=\"elementor-widget-container\">\n\t\t\t\t\t<h2 class=\"elementor-heading-title elementor-size-default\">Contactez-nous par t\u00e9l\u00e9phone<\/h2>\t\t\t\t<\/div>\n\t\t\t\t<\/div>\n\t\t\t\t<div class=\"elementor-element elementor-element-99a01f7 elementor-widget elementor-widget-text-editor\" data-id=\"99a01f7\" data-element_type=\"widget\" data-widget_type=\"text-editor.default\">\n\t\t\t\t<div class=\"elementor-widget-container\">\n\t\t\t\t\t\t\t\t\t<p><a href=\"tel:18885053235\"><span style=\"text-decoration: underline;\">1 888 505-3235<\/span><\/a><\/p>\n\t\t\t\t\t\t\t\t<\/div>\n\t\t\t\t<\/div>\n\t\t\t\t<div class=\"elementor-element elementor-element-7568250 elementor-widget elementor-widget-heading\" data-id=\"7568250\" data-element_type=\"widget\" data-widget_type=\"heading.default\">\n\t\t\t\t<div class=\"elementor-widget-container\">\n\t\t\t\t\t<h6 class=\"elementor-heading-title elementor-size-default\">Lundi au vendredi : 9h \u00e0 17h30 (EST)<\/h6>\t\t\t\t<\/div>\n\t\t\t\t<\/div>\n\t\t\t\t\t<\/div>\n\t\t<\/div>\n\t\t\t\t\t<\/div>\n\t\t<\/section>\n\t\t\t\t<section class=\"elementor-section elementor-top-section elementor-element elementor-element-d76da72 elementor-section-boxed elementor-section-height-default elementor-section-height-default\" data-id=\"d76da72\" data-element_type=\"section\" data-settings=\"{&quot;jet_parallax_layout_list&quot;:[{&quot;jet_parallax_layout_image&quot;:{&quot;url&quot;:&quot;&quot;,&quot;id&quot;:&quot;&quot;,&quot;size&quot;:&quot;&quot;},&quot;_id&quot;:&quot;88b3bd3&quot;,&quot;jet_parallax_layout_image_tablet&quot;:{&quot;url&quot;:&quot;&quot;,&quot;id&quot;:&quot;&quot;,&quot;size&quot;:&quot;&quot;},&quot;jet_parallax_layout_image_mobile&quot;:{&quot;url&quot;:&quot;&quot;,&quot;id&quot;:&quot;&quot;,&quot;size&quot;:&quot;&quot;},&quot;jet_parallax_layout_speed&quot;:{&quot;unit&quot;:&quot;%&quot;,&quot;size&quot;:50,&quot;sizes&quot;:[]},&quot;jet_parallax_layout_type&quot;:&quot;scroll&quot;,&quot;jet_parallax_layout_direction&quot;:null,&quot;jet_parallax_layout_fx_direction&quot;:null,&quot;jet_parallax_layout_z_index&quot;:&quot;&quot;,&quot;jet_parallax_layout_bg_x&quot;:50,&quot;jet_parallax_layout_bg_x_tablet&quot;:&quot;&quot;,&quot;jet_parallax_layout_bg_x_mobile&quot;:&quot;&quot;,&quot;jet_parallax_layout_bg_y&quot;:50,&quot;jet_parallax_layout_bg_y_tablet&quot;:&quot;&quot;,&quot;jet_parallax_layout_bg_y_mobile&quot;:&quot;&quot;,&quot;jet_parallax_layout_bg_size&quot;:&quot;auto&quot;,&quot;jet_parallax_layout_bg_size_tablet&quot;:&quot;&quot;,&quot;jet_parallax_layout_bg_size_mobile&quot;:&quot;&quot;,&quot;jet_parallax_layout_animation_prop&quot;:&quot;transform&quot;,&quot;jet_parallax_layout_on&quot;:[&quot;desktop&quot;,&quot;tablet&quot;]}]}\">\n\t\t\t\t\t\t<div class=\"elementor-container elementor-column-gap-default\">\n\t\t\t\t\t<div class=\"elementor-column elementor-col-100 elementor-top-column elementor-element elementor-element-96fadfc\" data-id=\"96fadfc\" data-element_type=\"column\">\n\t\t\t<div class=\"elementor-widget-wrap elementor-element-populated\">\n\t\t\t\t\t\t<div class=\"elementor-element elementor-element-a8113fd elementor-widget elementor-widget-heading\" data-id=\"a8113fd\" data-element_type=\"widget\" data-widget_type=\"heading.default\">\n\t\t\t\t<div class=\"elementor-widget-container\">\n\t\t\t\t\t<h2 class=\"elementor-heading-title elementor-size-default\">Contactez-nous par courriel<\/h2>\t\t\t\t<\/div>\n\t\t\t\t<\/div>\n\t\t\t\t<div class=\"elementor-element elementor-element-2b0ffc2 elementor-widget elementor-widget-text-editor\" data-id=\"2b0ffc2\" data-element_type=\"widget\" data-widget_type=\"text-editor.default\">\n\t\t\t\t<div class=\"elementor-widget-container\">\n\t\t\t\t\t\t\t\t\t<p>Nous vous invitons \u00e0 remplir le formulaire ci-dessous afin qu&rsquo;un de nos repr\u00e9sentants puisse vous contacter.<\/p>\t\t\t\t\t\t\t\t<\/div>\n\t\t\t\t<\/div>\n\t\t\t\t\t<\/div>\n\t\t<\/div>\n\t\t\t\t\t<\/div>\n\t\t<\/section>\n\t\t\t\t<\/div>\n\t\t","protected":false},"excerpt":{"rendered":"<p>Simplifier les d\u00e9fis d\u2019impression est notre priorit\u00e9. Contactez-nous par t\u00e9l\u00e9phone 1 888 505-3235 Lundi au vendredi : 9h \u00e0 17h30 (EST) Contactez-nous par courriel Nous vous invitons \u00e0 remplir le formulaire ci-dessous afin qu&rsquo;un de nos repr\u00e9sentants puisse vous contacter.<\/p>\n","protected":false},"author":1,"featured_media":2037,"parent":0,"menu_order":0,"comment_status":"closed","ping_status":"closed","template":"elementor_header_footer","meta":{"footnotes":""},"class_list":["post-661","page","type-page","status-publish","has-post-thumbnail","hentry"],"yoast_head":"<!-- This site is optimized with the Yoast SEO plugin v25.0 - https:\/\/yoast.com\/wordpress\/plugins\/seo\/ -->\n<title>Contactez-nous - Prisme Technologies<\/title>\n<meta name=\"robots\" content=\"index, follow, max-snippet:-1, max-image-preview:large, max-video-preview:-1\" \/>\n<link rel=\"canonical\" href=\"https:\/\/prismetechnologies.com\/fr\/contactez-nous\/\" \/>\n<meta property=\"og:locale\" content=\"fr_FR\" \/>\n<meta property=\"og:type\" content=\"article\" \/>\n<meta property=\"og:title\" content=\"Contactez-nous - Prisme Technologies\" \/>\n<meta property=\"og:description\" content=\"Simplifier les d\u00e9fis d\u2019impression est notre priorit\u00e9. Contactez-nous par t\u00e9l\u00e9phone 1 888 505-3235 Lundi au vendredi : 9h \u00e0 17h30 (EST) Contactez-nous par courriel Nous vous invitons \u00e0 remplir le formulaire ci-dessous afin qu&rsquo;un de nos repr\u00e9sentants puisse vous contacter.\" \/>\n<meta property=\"og:url\" content=\"https:\/\/prismetechnologies.com\/fr\/contactez-nous\/\" \/>\n<meta property=\"og:site_name\" content=\"Prisme Technologies\" \/>\n<meta property=\"article:modified_time\" content=\"2025-02-25T14:12:05+00:00\" \/>\n<meta property=\"og:image\" content=\"https:\/\/prismetechnologies.com\/wp-content\/uploads\/2024\/10\/FB_Featured__0019_Logo-Prisme-Technologies-2017.jpg\" \/>\n\t<meta property=\"og:image:width\" content=\"1200\" \/>\n\t<meta property=\"og:image:height\" content=\"628\" \/>\n\t<meta property=\"og:image:type\" content=\"image\/jpeg\" \/>\n<meta name=\"twitter:card\" content=\"summary_large_image\" \/>\n<meta name=\"twitter:label1\" content=\"Dur\u00e9e de lecture estim\u00e9e\" \/>\n\t<meta name=\"twitter:data1\" content=\"1 minute\" \/>\n<script type=\"application\/ld+json\" class=\"yoast-schema-graph\">{\"@context\":\"https:\/\/schema.org\",\"@graph\":[{\"@type\":\"WebPage\",\"@id\":\"https:\/\/prismetechnologies.com\/fr\/contactez-nous\/\",\"url\":\"https:\/\/prismetechnologies.com\/fr\/contactez-nous\/\",\"name\":\"Contactez-nous - Prisme Technologies\",\"isPartOf\":{\"@id\":\"https:\/\/prismetechnologies.com\/#website\"},\"primaryImageOfPage\":{\"@id\":\"https:\/\/prismetechnologies.com\/fr\/contactez-nous\/#primaryimage\"},\"image\":{\"@id\":\"https:\/\/prismetechnologies.com\/fr\/contactez-nous\/#primaryimage\"},\"thumbnailUrl\":\"https:\/\/prismetechnologies.com\/wp-content\/uploads\/2024\/10\/FB_Featured__0019_Logo-Prisme-Technologies-2017.jpg\",\"datePublished\":\"2021-06-14T14:25:17+00:00\",\"dateModified\":\"2025-02-25T14:12:05+00:00\",\"breadcrumb\":{\"@id\":\"https:\/\/prismetechnologies.com\/fr\/contactez-nous\/#breadcrumb\"},\"inLanguage\":\"fr-FR\",\"potentialAction\":[{\"@type\":\"ReadAction\",\"target\":[\"https:\/\/prismetechnologies.com\/fr\/contactez-nous\/\"]}]},{\"@type\":\"ImageObject\",\"inLanguage\":\"fr-FR\",\"@id\":\"https:\/\/prismetechnologies.com\/fr\/contactez-nous\/#primaryimage\",\"url\":\"https:\/\/prismetechnologies.com\/wp-content\/uploads\/2024\/10\/FB_Featured__0019_Logo-Prisme-Technologies-2017.jpg\",\"contentUrl\":\"https:\/\/prismetechnologies.com\/wp-content\/uploads\/2024\/10\/FB_Featured__0019_Logo-Prisme-Technologies-2017.jpg\",\"width\":1200,\"height\":628},{\"@type\":\"BreadcrumbList\",\"@id\":\"https:\/\/prismetechnologies.com\/fr\/contactez-nous\/#breadcrumb\",\"itemListElement\":[{\"@type\":\"ListItem\",\"position\":1,\"name\":\"Accueil\",\"item\":\"https:\/\/prismetechnologies.com\/fr\/\"},{\"@type\":\"ListItem\",\"position\":2,\"name\":\"Contactez-nous\"}]},{\"@type\":\"WebSite\",\"@id\":\"https:\/\/prismetechnologies.com\/#website\",\"url\":\"https:\/\/prismetechnologies.com\/\",\"name\":\"Prisme Technologies\",\"description\":\"Un site utilisant WordPress\",\"publisher\":{\"@id\":\"https:\/\/prismetechnologies.com\/#organization\"},\"potentialAction\":[{\"@type\":\"SearchAction\",\"target\":{\"@type\":\"EntryPoint\",\"urlTemplate\":\"https:\/\/prismetechnologies.com\/?s={search_term_string}\"},\"query-input\":{\"@type\":\"PropertyValueSpecification\",\"valueRequired\":true,\"valueName\":\"search_term_string\"}}],\"inLanguage\":\"fr-FR\"},{\"@type\":\"Organization\",\"@id\":\"https:\/\/prismetechnologies.com\/#organization\",\"name\":\"Prisme Technologies\",\"url\":\"https:\/\/prismetechnologies.com\/\",\"logo\":{\"@type\":\"ImageObject\",\"inLanguage\":\"fr-FR\",\"@id\":\"https:\/\/prismetechnologies.com\/#\/schema\/logo\/image\/\",\"url\":\"https:\/\/prismetechnologies.com\/wp-content\/uploads\/2021\/06\/Logo-Prisme-Technologies-2017.png\",\"contentUrl\":\"https:\/\/prismetechnologies.com\/wp-content\/uploads\/2021\/06\/Logo-Prisme-Technologies-2017.png\",\"width\":1000,\"height\":235,\"caption\":\"Prisme Technologies\"},\"image\":{\"@id\":\"https:\/\/prismetechnologies.com\/#\/schema\/logo\/image\/\"}}]}<\/script>\n<!-- \/ Yoast SEO plugin. -->","yoast_head_json":{"title":"Contactez-nous - Prisme Technologies","robots":{"index":"index","follow":"follow","max-snippet":"max-snippet:-1","max-image-preview":"max-image-preview:large","max-video-preview":"max-video-preview:-1"},"canonical":"https:\/\/prismetechnologies.com\/fr\/contactez-nous\/","og_locale":"fr_FR","og_type":"article","og_title":"Contactez-nous - Prisme Technologies","og_description":"Simplifier les d\u00e9fis d\u2019impression est notre priorit\u00e9. Contactez-nous par t\u00e9l\u00e9phone 1 888 505-3235 Lundi au vendredi : 9h \u00e0 17h30 (EST) Contactez-nous par courriel Nous vous invitons \u00e0 remplir le formulaire ci-dessous afin qu&rsquo;un de nos repr\u00e9sentants puisse vous contacter.","og_url":"https:\/\/prismetechnologies.com\/fr\/contactez-nous\/","og_site_name":"Prisme Technologies","article_modified_time":"2025-02-25T14:12:05+00:00","og_image":[{"width":1200,"height":628,"url":"https:\/\/prismetechnologies.com\/wp-content\/uploads\/2024\/10\/FB_Featured__0019_Logo-Prisme-Technologies-2017.jpg","type":"image\/jpeg"}],"twitter_card":"summary_large_image","twitter_misc":{"Dur\u00e9e de lecture estim\u00e9e":"1 minute"},"schema":{"@context":"https:\/\/schema.org","@graph":[{"@type":"WebPage","@id":"https:\/\/prismetechnologies.com\/fr\/contactez-nous\/","url":"https:\/\/prismetechnologies.com\/fr\/contactez-nous\/","name":"Contactez-nous - Prisme Technologies","isPartOf":{"@id":"https:\/\/prismetechnologies.com\/#website"},"primaryImageOfPage":{"@id":"https:\/\/prismetechnologies.com\/fr\/contactez-nous\/#primaryimage"},"image":{"@id":"https:\/\/prismetechnologies.com\/fr\/contactez-nous\/#primaryimage"},"thumbnailUrl":"https:\/\/prismetechnologies.com\/wp-content\/uploads\/2024\/10\/FB_Featured__0019_Logo-Prisme-Technologies-2017.jpg","datePublished":"2021-06-14T14:25:17+00:00","dateModified":"2025-02-25T14:12:05+00:00","breadcrumb":{"@id":"https:\/\/prismetechnologies.com\/fr\/contactez-nous\/#breadcrumb"},"inLanguage":"fr-FR","potentialAction":[{"@type":"ReadAction","target":["https:\/\/prismetechnologies.com\/fr\/contactez-nous\/"]}]},{"@type":"ImageObject","inLanguage":"fr-FR","@id":"https:\/\/prismetechnologies.com\/fr\/contactez-nous\/#primaryimage","url":"https:\/\/prismetechnologies.com\/wp-content\/uploads\/2024\/10\/FB_Featured__0019_Logo-Prisme-Technologies-2017.jpg","contentUrl":"https:\/\/prismetechnologies.com\/wp-content\/uploads\/2024\/10\/FB_Featured__0019_Logo-Prisme-Technologies-2017.jpg","width":1200,"height":628},{"@type":"BreadcrumbList","@id":"https:\/\/prismetechnologies.com\/fr\/contactez-nous\/#breadcrumb","itemListElement":[{"@type":"ListItem","position":1,"name":"Accueil","item":"https:\/\/prismetechnologies.com\/fr\/"},{"@type":"ListItem","position":2,"name":"Contactez-nous"}]},{"@type":"WebSite","@id":"https:\/\/prismetechnologies.com\/#website","url":"https:\/\/prismetechnologies.com\/","name":"Prisme Technologies","description":"Un site utilisant WordPress","publisher":{"@id":"https:\/\/prismetechnologies.com\/#organization"},"potentialAction":[{"@type":"SearchAction","target":{"@type":"EntryPoint","urlTemplate":"https:\/\/prismetechnologies.com\/?s={search_term_string}"},"query-input":{"@type":"PropertyValueSpecification","valueRequired":true,"valueName":"search_term_string"}}],"inLanguage":"fr-FR"},{"@type":"Organization","@id":"https:\/\/prismetechnologies.com\/#organization","name":"Prisme Technologies","url":"https:\/\/prismetechnologies.com\/","logo":{"@type":"ImageObject","inLanguage":"fr-FR","@id":"https:\/\/prismetechnologies.com\/#\/schema\/logo\/image\/","url":"https:\/\/prismetechnologies.com\/wp-content\/uploads\/2021\/06\/Logo-Prisme-Technologies-2017.png","contentUrl":"https:\/\/prismetechnologies.com\/wp-content\/uploads\/2021\/06\/Logo-Prisme-Technologies-2017.png","width":1000,"height":235,"caption":"Prisme Technologies"},"image":{"@id":"https:\/\/prismetechnologies.com\/#\/schema\/logo\/image\/"}}]}},"_links":{"self":[{"href":"https:\/\/prismetechnologies.com\/fr\/wp-json\/wp\/v2\/pages\/661","targetHints":{"allow":["GET"]}}],"collection":[{"href":"https:\/\/prismetechnologies.com\/fr\/wp-json\/wp\/v2\/pages"}],"about":[{"href":"https:\/\/prismetechnologies.com\/fr\/wp-json\/wp\/v2\/types\/page"}],"author":[{"embeddable":true,"href":"https:\/\/prismetechnologies.com\/fr\/wp-json\/wp\/v2\/users\/1"}],"replies":[{"embeddable":true,"href":"https:\/\/prismetechnologies.com\/fr\/wp-json\/wp\/v2\/comments?post=661"}],"version-history":[{"count":8,"href":"https:\/\/prismetechnologies.com\/fr\/wp-json\/wp\/v2\/pages\/661\/revisions"}],"predecessor-version":[{"id":2104,"href":"https:\/\/prismetechnologies.com\/fr\/wp-json\/wp\/v2\/pages\/661\/revisions\/2104"}],"wp:featuredmedia":[{"embeddable":true,"href":"https:\/\/prismetechnologies.com\/fr\/wp-json\/wp\/v2\/media\/2037"}],"wp:attachment":[{"href":"https:\/\/prismetechnologies.com\/fr\/wp-json\/wp\/v2\/media?parent=661"}],"curies":[{"name":"wp","href":"https:\/\/api.w.org\/{rel}","templated":true}]}}